{"id":2,"date":"2016-05-10T03:48:21","date_gmt":"2016-05-10T03:48:21","guid":{"rendered":"http:\/\/schildcroete.de\/?page_id=2"},"modified":"2025-01-13T13:39:22","modified_gmt":"2025-01-13T13:39:22","slug":"sample-page","status":"publish","type":"page","link":"https:\/\/schildcroete.de\/","title":{"rendered":"Webseite aktuell in Arbeit!"},"content":{"rendered":"<p>Aktuell befinden wir uns im Aufbau der Webseite.<\/p>\n<p>Weiterhin k\u00f6nnen Sie uns gerne kontaktieren.<\/p>\n<p><strong>Impressum:<\/strong><\/p>\n<div>Philipp Kern<\/div>\n<div>Seitzstrasse 2a<\/div>\n<div>79115 Freiburg im Breisgau<\/div>\n<div>Mobil\u00a0\u00a0 0171 &#8211;\u00a0 79 53 91 2<\/div>\n<div>Mail\u00a0\u00a0\u00a0 <a href=\"mailto:hallo@schildcroete.de\" target=\"_blank\" rel=\"noopener noreferrer\">hallo@schildcroete.de<\/a><\/div>\n<div>Web\u00a0\u00a0 <a href=\"http:\/\/www.schildcroete.de\" target=\"_blank\" rel=\"noopener noreferrer\">www.schildcroete.de<\/a><\/div>\n<div>\u00a0<\/div>\n<div>\u00a0<\/div>\n<div>\u00a0<\/div>\n\n\n<h2 class=\"wp-block-heading\"><\/h2>\n\n\n\n<p><\/p>\n\n\n\n<h1 class=\"wp-block-heading\">Datenschutzerkl\u00e4rung<\/h1>\n\n\n\n<p>Verantwortliche Stelle im Sinne der Datenschutzgesetze, insbesondere der EU-Datenschutzgrundverordnung (DSGVO), ist:<\/p>\n\n\n\n<p>Philipp Kern<\/p>\n\n\n\n<p>Seitzstrasse 2a<\/p>\n\n\n\n<p>79115 Freiburg Freiburg im Breisgau<\/p>\n\n\n\n<h2 class=\"wp-block-heading\">Ihre Betroffenenrechte<\/h2>\n\n\n\n<p>Unter den angegebenen Kontaktdaten unseres Datenschutzbeauftragten k\u00f6nnen Sie jederzeit folgende Rechte aus\u00fcben:<\/p>\n\n\n\n<ul class=\"wp-block-list\">\n<li>Auskunft \u00fcber Ihre bei uns gespeicherten Daten und deren Verarbeitung (Art. 15 DSGVO),<\/li>\n\n\n\n<li>Berichtigung unrichtiger personenbezogener Daten (Art. 16 DSGVO),<\/li>\n\n\n\n<li>L\u00f6schung Ihrer bei uns gespeicherten Daten (Art. 17 DSGVO),<\/li>\n\n\n\n<li>Einschr\u00e4nkung der Datenverarbeitung, sofern wir Ihre Daten aufgrund \ngesetzlicher Pflichten noch nicht l\u00f6schen d\u00fcrfen (Art. 18 DSGVO),<\/li>\n\n\n\n<li>Widerspruch gegen die Verarbeitung Ihrer Daten bei uns (Art. 21 DSGVO) und<\/li>\n\n\n\n<li>Daten\u00fcbertragbarkeit, sofern Sie in die Datenverarbeitung \neingewilligt haben oder einen Vertrag mit uns abgeschlossen haben (Art. \n20 DSGVO).<\/li>\n<\/ul>\n\n\n\n<p>Sofern Sie uns eine Einwilligung erteilt haben, k\u00f6nnen Sie diese jederzeit mit Wirkung f\u00fcr die Zukunft widerrufen.<\/p>\n\n\n\n<p>Sie k\u00f6nnen sich jederzeit mit einer Beschwerde an die f\u00fcr Sie \nzust\u00e4ndige Aufsichtsbeh\u00f6rde wenden (Art. 77 DSGVO i.V.m. \u00a7 19 BDSG). \nIhre zust\u00e4ndige Aufsichtsbeh\u00f6rde richtet sich nach dem Bundesland Ihres \nWohnsitzes, Ihrer Arbeit oder der mutma\u00dflichen Verletzung. Eine Liste \nder Aufsichtsbeh\u00f6rden (f\u00fcr den nicht\u00f6ffentlichen Bereich) mit Anschrift \nfinden Sie unter: <a href=\"https:\/\/www.bfdi.bund.de\/DE\/Infothek\/Anschriften_Links\/anschriften_links-node.html\" target=\"_blank\" rel=\"noreferrer noopener\">https:\/\/www.bfdi.bund.de\/DE\/Infothek\/Anschriften_Links\/anschriften_links-node.html<\/a>.<\/p>\n\n\n\n<h2 class=\"wp-block-heading\">Erfassung allgemeiner Informationen beim Besuch unserer Website<\/h2>\n\n\n\n<h3 class=\"wp-block-heading\">Art und Zweck der Verarbeitung:<\/h3>\n\n\n\n<p>Wenn Sie auf unsere Website zugreifen, d.h., wenn Sie sich nicht \nregistrieren oder anderweitig Informationen \u00fcbermitteln, werden \nautomatisch Informationen allgemeiner Natur erfasst. Diese Informationen\n (Server-Logfiles) beinhalten etwa die Art des Webbrowsers, das \nverwendete Betriebssystem, den Domainnamen Ihres \nInternet-Service-Providers und \u00e4hnliches. Hierbei handelt es sich \nausschlie\u00dflich um Informationen, welche keine R\u00fcckschl\u00fcsse auf Ihre \nPerson zulassen.<\/p>\n\n\n\n<p>Sie werden insbesondere zu folgenden Zwecken verarbeitet:<\/p>\n\n\n\n<ul class=\"wp-block-list\">\n<li>Sicherstellung eines problemlosen Verbindungsaufbaus der Website,<\/li>\n\n\n\n<li>Sicherstellung einer reibungslosen Nutzung unserer Website,<\/li>\n\n\n\n<li>Auswertung der Systemsicherheit und -stabilit\u00e4t sowie<\/li>\n\n\n\n<li>zu weiteren administrativen Zwecken.<\/li>\n<\/ul>\n\n\n\n<p>Wir verwenden Ihre Daten nicht, um R\u00fcckschl\u00fcsse auf Ihre Person zu ziehen.<\/p>\n\n\n\n<p>Anonyme Informationen dieser Art werden von uns ggfs. statistisch \nausgewertet, um unseren Internetauftritt und die dahinterstehende \nTechnik zu optimieren.<\/p>\n\n\n\n<h3 class=\"wp-block-heading\">Rechtsgrundlage:<\/h3>\n\n\n\n<p>Die Verarbeitung erfolgt gem\u00e4\u00df Art. 6 Abs. 1 lit. f DSGVO auf Basis \nunseres berechtigten Interesses an der Verbesserung der Stabilit\u00e4t und \nFunktionalit\u00e4t unserer Website.<\/p>\n\n\n\n<h3 class=\"wp-block-heading\">Empf\u00e4nger:<\/h3>\n\n\n\n<p>Empf\u00e4nger der Daten sind nur die verantwortliche Stelle und ggf. \ntechnische Dienstleister, die f\u00fcr den Betrieb und die Wartung unserer \nWebseite als Auftragsverarbeiter t\u00e4tig werden.<\/p>\n\n\n\n<h3 class=\"wp-block-heading\">Speicherdauer:<\/h3>\n\n\n\n<p>Die Daten werden gel\u00f6scht, sobald diese f\u00fcr den Zweck der Erhebung \nnicht mehr erforderlich sind. Dies ist f\u00fcr die Daten, die der \nBereitstellung der Webseite dienen, grunds\u00e4tzlich der Fall, wenn die \njeweilige Sitzung beendet ist.<\/p>\n\n\n\n<h3 class=\"wp-block-heading\">Bereitstellung vorgeschrieben oder erforderlich:<\/h3>\n\n\n\n<p>Die Bereitstellung der vorgenannten personenbezogenen Daten ist weder\n gesetzlich noch vertraglich vorgeschrieben. Ohne die IP-Adresse und die\n Cookie-Kennung ist jedoch der Dienst und die Funktionsf\u00e4higkeit unserer\n Website nicht gew\u00e4hrleistet. Zudem k\u00f6nnen einzelne Dienste und Services\n nicht verf\u00fcgbar oder eingeschr\u00e4nkt sein. Aus diesem Grund ist ein \nWiderspruch ausgeschlossen.<\/p>\n\n\n\n<h2 class=\"wp-block-heading\">Kontaktformular<\/h2>\n\n\n\n<h3 class=\"wp-block-heading\">Art und Zweck der Verarbeitung:<\/h3>\n\n\n\n<p>Die von Ihnen eingegebenen Daten werden zum Zweck der individuellen \nKommunikation mit Ihnen gespeichert. Hierf\u00fcr ist die Angabe einer \nvaliden E-Mail-Adresse erforderlich. Diese dient der Zuordnung der \nAnfrage und der anschlie\u00dfenden Beantwortung derselben. Die Angabe \nweiterer Daten ist optional.<\/p>\n\n\n\n<h3 class=\"wp-block-heading\">Rechtsgrundlage:<\/h3>\n\n\n\n<p>Die Verarbeitung der in das Kontaktformular eingegebenen Daten \nerfolgt auf der Grundlage eines berechtigten Interesses (Art 6 Abs. 1 \nlit f DSGVO).<\/p>\n\n\n\n<p>Durch Bereitstellung des Kontaktformulars m\u00f6chten wir Ihnen eine \nunkomplizierte Kontaktaufnahme erm\u00f6glichen. Ihre gemachten Angaben \nwerden zum Zwecke der Bearbeitung der Anfrage sowie f\u00fcr m\u00f6gliche \nAnschlussfragen gespeichert.<\/p>\n\n\n\n<p>Sofern Sie mit uns Kontakt aufnehmen, um ein Angebot zu erfragen, \nerfolgt die Verarbeitung der in das Kontaktformular eingegebenen Daten \nzur Durchf\u00fchrung vorvertraglicher Ma\u00dfnahmen (Art 6 Abs. 1 lit b DSGVO).<\/p>\n\n\n\n<h3 class=\"wp-block-heading\">Empf\u00e4nger:<\/h3>\n\n\n\n<p>Empf\u00e4nger der Daten sind nur die verantwortliche Stelle und ggf. Auftragsverarbeiter.<\/p>\n\n\n\n<h3 class=\"wp-block-heading\">Speicherdauer:<\/h3>\n\n\n\n<p>Daten werden sp\u00e4testens 6 Monate nach Bearbeitung der Anfrage gel\u00f6scht.<\/p>\n\n\n\n<p>Sofern es zu einem Vertragsverh\u00e4ltnis kommt, unterliegen wir den \ngesetzlichen Aufbewahrungsfristen nach HGB und l\u00f6schen Ihre Daten nach 6\n Jahren.<\/p>\n\n\n\n<h3 class=\"wp-block-heading\">Bereitstellung vorgeschrieben oder erforderlich:<\/h3>\n\n\n\n<p>Die Bereitstellung Ihrer personenbezogenen Daten erfolgt freiwillig, \nallein auf Basis Ihrer Einwilligung. Ohne bestehende Einwilligung k\u00f6nnen\n wir mit Ihnen leider nicht in Verbindung treten.<\/p>\n\n\n\n<h2 class=\"wp-block-heading\">Verwendung von Scriptbibliotheken (Google Webfonts)<\/h2>\n\n\n\n<h3 class=\"wp-block-heading\">Art und Zweck der Verarbeitung:<\/h3>\n\n\n\n<p>Um unsere Inhalte browser\u00fcbergreifend korrekt und grafisch \nansprechend darzustellen, verwenden wir auf dieser Website \u201eGoogle Web \nFonts\u201c der Google LLC (1600 Amphitheatre Parkway, Mountain View, CA \n94043, USA; nachfolgend \u201eGoogle\u201c) zur Darstellung von Schriften.<\/p>\n\n\n\n<p>Die Datenschutzrichtlinie des Bibliothekbetreibers Google finden Sie hier: <a href=\"https:\/\/www.google.com\/policies\/privacy\/\">https:\/\/www.google.com\/policies\/privacy\/<\/a><\/p>\n\n\n\n<h3 class=\"wp-block-heading\">Rechtsgrundlage:<\/h3>\n\n\n\n<p>Rechtsgrundlage f\u00fcr die Einbindung von Google Webfonts und dem damit \nverbundenen Datentransfer zu Google ist Ihre Einwilligung (Art. 6 Abs. 1\n lit. a DSGVO).<\/p>\n\n\n\n<h3 class=\"wp-block-heading\">Empf\u00e4nger:<\/h3>\n\n\n\n<p>Der Aufruf von Scriptbibliotheken oder Schriftbibliotheken l\u00f6st \nautomatisch eine Verbindung zum Betreiber der Bibliothek aus. Dabei ist \nes theoretisch m\u00f6glich \u2013 aktuell allerdings auch unklar ob und ggf. zu \nwelchen Zwecken \u2013 dass der Betreiber in diesem Fall Google Daten erhebt.<\/p>\n\n\n\n<h3 class=\"wp-block-heading\">Speicherdauer:<\/h3>\n\n\n\n<p>Wir erheben keine personenbezogenen Daten, durch die Einbindung von Google Webfonts.<\/p>\n\n\n\n<p>Weitere Informationen zu Google Web Fonts finden Sie unter <a href=\"https:\/\/developers.google.com\/fonts\/faq\">https:\/\/developers.google.com\/fonts\/faq<\/a> und in der Datenschutzerkl\u00e4rung von Google: <a href=\"https:\/\/www.google.com\/policies\/privacy\/\">https:\/\/www.google.com\/policies\/privacy\/<\/a>.<\/p>\n\n\n\n<h3 class=\"wp-block-heading\">Drittlandtransfer:<\/h3>\n\n\n\n<p>Google verarbeitet Ihre Daten in den USA und hat sich dem EU_US Privacy Shield unterworfen <a href=\"https:\/\/www.privacyshield.gov\/EU-US-Framework\">https:\/\/www.privacyshield.gov\/EU-US-Framework<\/a>.<\/p>\n\n\n\n<h3 class=\"wp-block-heading\">Bereitstellung vorgeschrieben oder erforderlich:<\/h3>\n\n\n\n<p>Die Bereitstellung der personenbezogenen Daten ist weder gesetzlich, \nnoch vertraglich vorgeschrieben. Allerdings kann ohne die korrekte \nDarstellung der Inhalte von Standardschriften nicht erm\u00f6glicht werden.<\/p>\n\n\n\n<h3 class=\"wp-block-heading\">Widerruf der Einwilligung:<\/h3>\n\n\n\n<p>Zur Darstellung der Inhalte wird regelm\u00e4\u00dfig die Programmiersprache \nJavaScript verwendet. Sie k\u00f6nnen der Datenverarbeitung daher \nwidersprechen, indem Sie die Ausf\u00fchrung von JavaScript in Ihrem Browser \ndeaktivieren oder einen Einbindung JavaScript-Blocker installieren. \nBitte beachten Sie, dass es hierdurch zu Funktionseinschr\u00e4nkungen auf \nder Website kommen kann.<\/p>\n\n\n\n<h2 class=\"wp-block-heading\">SSL-Verschl\u00fcsselung<\/h2>\n\n\n\n<p>Um die Sicherheit Ihrer Daten bei der \u00dcbertragung zu sch\u00fctzen, \nverwenden wir dem aktuellen Stand der Technik entsprechende \nVerschl\u00fcsselungsverfahren (z. B. SSL) \u00fcber HTTPS.<\/p>\n\n\n\n<h2 class=\"wp-block-heading\">\u00c4nderung unserer Datenschutzbestimmungen<\/h2>\n\n\n\n<p>Wir behalten uns vor, diese Datenschutzerkl\u00e4rung anzupassen, damit \nsie stets den aktuellen rechtlichen Anforderungen entspricht oder um \n\u00c4nderungen unserer Leistungen in der Datenschutzerkl\u00e4rung umzusetzen, \nz.B. bei der Einf\u00fchrung neuer Services. F\u00fcr Ihren erneuten Besuch gilt \ndann die neue Datenschutzerkl\u00e4rung.<\/p>\n\n\n\n<h2 class=\"wp-block-heading\">Fragen an den Datenschutzbeauftragten<\/h2>\n\n\n\n<p>Wenn Sie Fragen zum Datenschutz haben, schreiben Sie uns bitte eine \nE-Mail oder wenden Sie sich direkt an die f\u00fcr den Datenschutz \nverantwortliche Person in unserer Organisation:<\/p>\n\n\n\n<p><em>Die Datenschutzerkl\u00e4rung wurde mit dem <a rel=\"noreferrer noopener\" href=\"https:\/\/www.activemind.de\/datenschutz\/datenschutzhinweis-generator\/\" target=\"_blank\">Datenschutzerkl\u00e4rungs-Generator der activeMind AG erstellt<\/a> (Version 2018-06-12).<\/em><\/p>\n","protected":false},"excerpt":{"rendered":"<p>Aktuell befinden wir uns im Aufbau der Webseite. Weiterhin k\u00f6nnen Sie uns gerne kontaktieren. Impressum: Philipp Kern Seitzstrasse 2a 79115 Freiburg im Breisgau Mobil\u00a0\u00a0 0171 &#8211;\u00a0 79 53 91 2 Mail\u00a0\u00a0\u00a0 hallo@schildcroete.de Web\u00a0\u00a0 www.schildcroete.de \u00a0 \u00a0 \u00a0 Datenschutzerkl\u00e4rung Verantwortliche Stelle im Sinne der Datenschutzgesetze, insbesondere der EU-Datenschutzgrundverordnung (DSGVO), ist: Philipp Kern Seitzstrasse 2a 79115 Freiburg &hellip; <\/p>\n<p class=\"link-more\"><a href=\"https:\/\/schildcroete.de\/\" class=\"more-link\"><span class=\"screen-reader-text\">\u201eWebseite aktuell in Arbeit!\u201c <\/span>weiterlesen<\/a><\/p>\n","protected":false},"author":1,"featured_media":0,"parent":0,"menu_order":0,"comment_status":"closed","ping_status":"open","template":"","meta":{"footnotes":""},"class_list":["post-2","page","type-page","status-publish","hentry"],"_links":{"self":[{"href":"https:\/\/schildcroete.de\/index.php?rest_route=\/wp\/v2\/pages\/2","targetHints":{"allow":["GET"]}}],"collection":[{"href":"https:\/\/schildcroete.de\/index.php?rest_route=\/wp\/v2\/pages"}],"about":[{"href":"https:\/\/schildcroete.de\/index.php?rest_route=\/wp\/v2\/types\/page"}],"author":[{"embeddable":true,"href":"https:\/\/schildcroete.de\/index.php?rest_route=\/wp\/v2\/users\/1"}],"replies":[{"embeddable":true,"href":"https:\/\/schildcroete.de\/index.php?rest_route=%2Fwp%2Fv2%2Fcomments&post=2"}],"version-history":[{"count":9,"href":"https:\/\/schildcroete.de\/index.php?rest_route=\/wp\/v2\/pages\/2\/revisions"}],"predecessor-version":[{"id":37,"href":"https:\/\/schildcroete.de\/index.php?rest_route=\/wp\/v2\/pages\/2\/revisions\/37"}],"wp:attachment":[{"href":"https:\/\/schildcroete.de\/index.php?rest_route=%2Fwp%2Fv2%2Fmedia&parent=2"}],"curies":[{"name":"wp","href":"https:\/\/api.w.org\/{rel}","templated":true}]}}